{"id":7618,"date":"2023-05-25T06:45:50","date_gmt":"2023-05-25T06:45:50","guid":{"rendered":"https:\/\/supermediastudio.es\/?page_id=7618"},"modified":"2025-12-16T12:00:43","modified_gmt":"2025-12-16T12:00:43","slug":"super-servicios-marketing-marbella","status":"publish","type":"page","link":"https:\/\/supermediastudio.es\/nl\/super-servicios-marketing-marbella\/","title":{"rendered":"Marketing Diensten in Marbella"},"content":{"rendered":"\t\t<div data-elementor-type=\"wp-page\" data-elementor-id=\"7618\" class=\"elementor elementor-7618\">\n\t\t\t\t\t\t<section class=\"elementor-section elementor-top-section elementor-element elementor-element-5fc2ff4d elementor-section-content-middle elementor-section-boxed elementor-section-height-default elementor-section-height-default\" data-id=\"5fc2ff4d\" data-element_type=\"section\">\n\t\t\t\t\t\t<div class=\"elementor-container elementor-column-gap-no\">\n\t\t\t\t\t<div class=\"elementor-column elementor-col-100 elementor-top-column elementor-element elementor-element-415f71c1\" data-id=\"415f71c1\" data-element_type=\"column\">\n\t\t\t<div class=\"elementor-widget-wrap elementor-element-populated\">\n\t\t\t\t\t\t<div class=\"elementor-element elementor-element-182f9e60 elementor-widget elementor-widget-heading\" data-id=\"182f9e60\" data-element_type=\"widget\" data-widget_type=\"heading.default\">\n\t\t\t\t<div class=\"elementor-widget-container\">\n\t\t\t<h1 class=\"elementor-heading-title elementor-size-default\">Servicios de Marketing en Marbella<\/h1>\t\t<\/div>\n\t\t\t\t<\/div>\n\t\t\t\t<section class=\"elementor-section elementor-inner-section elementor-element elementor-element-6c3b2df1 elementor-section-content-middle elementor-section-boxed elementor-section-height-default elementor-section-height-default\" data-id=\"6c3b2df1\" data-element_type=\"section\">\n\t\t\t\t\t\t<div class=\"elementor-container elementor-column-gap-no\">\n\t\t\t\t\t<div class=\"elementor-column elementor-col-33 elementor-inner-column elementor-element elementor-element-25cd9c1b\" data-id=\"25cd9c1b\" data-element_type=\"column\">\n\t\t\t<div class=\"elementor-widget-wrap elementor-element-populated\">\n\t\t\t\t\t\t<div class=\"elementor-element elementor-element-459227e1 elementor-widget elementor-widget-image\" data-id=\"459227e1\" data-element_type=\"widget\" data-widget_type=\"image.default\">\n\t\t\t\t<div class=\"elementor-widget-container\">\n\t\t\t\t\t\t\t\t\t\t\t\t\t<img loading=\"lazy\" decoding=\"async\" width=\"1030\" height=\"1030\" src=\"https:\/\/supermediastudio.es\/wp-content\/uploads\/2023\/10\/Diseno-sin-titulo-15-1030x1030.png\" class=\"attachment-large size-large wp-image-6973\" alt=\"\" srcset=\"https:\/\/supermediastudio.es\/wp-content\/uploads\/2023\/10\/Diseno-sin-titulo-15-1030x1030.png 1030w, https:\/\/supermediastudio.es\/wp-content\/uploads\/2023\/10\/Diseno-sin-titulo-15-300x300.png 300w, https:\/\/supermediastudio.es\/wp-content\/uploads\/2023\/10\/Diseno-sin-titulo-15-80x80.png 80w, https:\/\/supermediastudio.es\/wp-content\/uploads\/2023\/10\/Diseno-sin-titulo-15-768x768.png 768w, https:\/\/supermediastudio.es\/wp-content\/uploads\/2023\/10\/Diseno-sin-titulo-15.png 1080w\" sizes=\"auto, (max-width: 1030px) 100vw, 1030px\" \/>\t\t\t\t\t\t\t\t\t\t\t\t\t<\/div>\n\t\t\t\t<\/div>\n\t\t\t\t\t<\/div>\n\t\t<\/div>\n\t\t\t\t<div class=\"elementor-column elementor-col-33 elementor-inner-column elementor-element elementor-element-3daf735e\" data-id=\"3daf735e\" data-element_type=\"column\">\n\t\t\t<div class=\"elementor-widget-wrap elementor-element-populated\">\n\t\t\t\t\t\t<div class=\"elementor-element elementor-element-334d98aa elementor-widget elementor-widget-heading\" data-id=\"334d98aa\" data-element_type=\"widget\" data-widget_type=\"heading.default\">\n\t\t\t\t<div class=\"elementor-widget-container\">\n\t\t\t<h2 class=\"elementor-heading-title elementor-size-default\">Gesti\u00f3n de Redes Sociales<\/h2>\t\t<\/div>\n\t\t\t\t<\/div>\n\t\t\t\t<div class=\"elementor-element elementor-element-b4470d9 elementor-widget elementor-widget-text-editor\" data-id=\"b4470d9\" data-element_type=\"widget\" data-widget_type=\"text-editor.default\">\n\t\t\t\t<div class=\"elementor-widget-container\">\n\t\t\t\t\t\t\t<p>Creamos identidades visuales \u00fanicas, incluyendo logos secundarios, elementos distintivos, paleta de colores y fuentes personalizadas.<\/p>\t\t\t\t\t\t<\/div>\n\t\t\t\t<\/div>\n\t\t\t\t\t<\/div>\n\t\t<\/div>\n\t\t\t\t<div class=\"elementor-column elementor-col-33 elementor-inner-column elementor-element elementor-element-48e890e3\" data-id=\"48e890e3\" data-element_type=\"column\">\n\t\t\t<div class=\"elementor-widget-wrap elementor-element-populated\">\n\t\t\t\t\t\t<div class=\"elementor-element elementor-element-7c591194 elementor-widget elementor-widget-image\" data-id=\"7c591194\" data-element_type=\"widget\" data-widget_type=\"image.default\">\n\t\t\t\t<div class=\"elementor-widget-container\">\n\t\t\t\t\t\t\t\t\t\t\t\t\t<img loading=\"lazy\" decoding=\"async\" width=\"1030\" height=\"1030\" src=\"https:\/\/supermediastudio.es\/wp-content\/uploads\/2023\/10\/Diseno-sin-titulo-26-1030x1030.png\" class=\"attachment-large size-large wp-image-7023\" alt=\"\" srcset=\"https:\/\/supermediastudio.es\/wp-content\/uploads\/2023\/10\/Diseno-sin-titulo-26-1030x1030.png 1030w, https:\/\/supermediastudio.es\/wp-content\/uploads\/2023\/10\/Diseno-sin-titulo-26-300x300.png 300w, https:\/\/supermediastudio.es\/wp-content\/uploads\/2023\/10\/Diseno-sin-titulo-26-80x80.png 80w, https:\/\/supermediastudio.es\/wp-content\/uploads\/2023\/10\/Diseno-sin-titulo-26-768x768.png 768w, https:\/\/supermediastudio.es\/wp-content\/uploads\/2023\/10\/Diseno-sin-titulo-26.png 1080w\" sizes=\"auto, (max-width: 1030px) 100vw, 1030px\" \/>\t\t\t\t\t\t\t\t\t\t\t\t\t<\/div>\n\t\t\t\t<\/div>\n\t\t\t\t\t<\/div>\n\t\t<\/div>\n\t\t\t\t\t<\/div>\n\t\t<\/section>\n\t\t\t\t<section class=\"elementor-section elementor-inner-section elementor-element elementor-element-57419303 elementor-section-content-middle elementor-section-boxed elementor-section-height-default elementor-section-height-default\" data-id=\"57419303\" data-element_type=\"section\">\n\t\t\t\t\t\t<div class=\"elementor-container elementor-column-gap-no\">\n\t\t\t\t\t<div class=\"elementor-column elementor-col-33 elementor-inner-column elementor-element elementor-element-1abfa8a3\" data-id=\"1abfa8a3\" data-element_type=\"column\">\n\t\t\t<div class=\"elementor-widget-wrap elementor-element-populated\">\n\t\t\t\t\t\t<div class=\"elementor-element elementor-element-56b11edf elementor-widget elementor-widget-heading\" data-id=\"56b11edf\" data-element_type=\"widget\" data-widget_type=\"heading.default\">\n\t\t\t\t<div class=\"elementor-widget-container\">\n\t\t\t<h2 class=\"elementor-heading-title elementor-size-default\">Dise\u00f1o web en M\u00e1laga<\/h2>\t\t<\/div>\n\t\t\t\t<\/div>\n\t\t\t\t<div class=\"elementor-element elementor-element-4f8219ce elementor-widget elementor-widget-text-editor\" data-id=\"4f8219ce\" data-element_type=\"widget\" data-widget_type=\"text-editor.default\">\n\t\t\t\t<div class=\"elementor-widget-container\">\n\t\t\t\t\t\t\t<p>Una p\u00e1gina web bien dise\u00f1ada es la piedra angular del \u00e9xito digital. No se trata solo de una est\u00e9tica atractiva, sino de crear una experiencia que impulse la confianza y gu\u00ede a los visitantes hacia la acci\u00f3n.<\/p>\t\t\t\t\t\t<\/div>\n\t\t\t\t<\/div>\n\t\t\t\t\t<\/div>\n\t\t<\/div>\n\t\t\t\t<div class=\"elementor-column elementor-col-33 elementor-inner-column elementor-element elementor-element-3bde807c\" data-id=\"3bde807c\" data-element_type=\"column\">\n\t\t\t<div class=\"elementor-widget-wrap elementor-element-populated\">\n\t\t\t\t\t\t<div class=\"elementor-element elementor-element-e38a57e elementor-widget__width-initial elementor-widget elementor-widget-image\" data-id=\"e38a57e\" data-element_type=\"widget\" data-widget_type=\"image.default\">\n\t\t\t\t<div class=\"elementor-widget-container\">\n\t\t\t\t\t\t\t\t\t\t\t\t\t<img loading=\"lazy\" decoding=\"async\" width=\"1030\" height=\"1030\" src=\"https:\/\/supermediastudio.es\/wp-content\/uploads\/2024\/01\/Diseno-sin-titulo-28-1030x1030.png\" class=\"attachment-large size-large wp-image-7088\" alt=\"\" srcset=\"https:\/\/supermediastudio.es\/wp-content\/uploads\/2024\/01\/Diseno-sin-titulo-28-1030x1030.png 1030w, https:\/\/supermediastudio.es\/wp-content\/uploads\/2024\/01\/Diseno-sin-titulo-28-300x300.png 300w, https:\/\/supermediastudio.es\/wp-content\/uploads\/2024\/01\/Diseno-sin-titulo-28-80x80.png 80w, https:\/\/supermediastudio.es\/wp-content\/uploads\/2024\/01\/Diseno-sin-titulo-28-768x768.png 768w, https:\/\/supermediastudio.es\/wp-content\/uploads\/2024\/01\/Diseno-sin-titulo-28.png 1080w\" sizes=\"auto, (max-width: 1030px) 100vw, 1030px\" \/>\t\t\t\t\t\t\t\t\t\t\t\t\t<\/div>\n\t\t\t\t<\/div>\n\t\t\t\t<div class=\"elementor-element elementor-element-91b036c elementor-widget elementor-widget-spacer\" data-id=\"91b036c\" data-element_type=\"widget\" data-widget_type=\"spacer.default\">\n\t\t\t\t<div class=\"elementor-widget-container\">\n\t\t\t\t\t<div class=\"elementor-spacer\">\n\t\t\t<div class=\"elementor-spacer-inner\"><\/div>\n\t\t<\/div>\n\t\t\t\t<\/div>\n\t\t\t\t<\/div>\n\t\t\t\t\t<\/div>\n\t\t<\/div>\n\t\t\t\t<div class=\"elementor-column elementor-col-33 elementor-inner-column elementor-element elementor-element-7938e23b\" data-id=\"7938e23b\" data-element_type=\"column\">\n\t\t\t<div class=\"elementor-widget-wrap elementor-element-populated\">\n\t\t\t\t\t\t<div class=\"elementor-element elementor-element-510093b2 elementor-widget elementor-widget-heading\" data-id=\"510093b2\" data-element_type=\"widget\" data-widget_type=\"heading.default\">\n\t\t\t\t<div class=\"elementor-widget-container\">\n\t\t\t<h2 class=\"elementor-heading-title elementor-size-default\">Optimizaci\u00f3n SEO y <br>Publicidad Online<\/h2>\t\t<\/div>\n\t\t\t\t<\/div>\n\t\t\t\t<div class=\"elementor-element elementor-element-7aebc74a elementor-widget elementor-widget-text-editor\" data-id=\"7aebc74a\" data-element_type=\"widget\" data-widget_type=\"text-editor.default\">\n\t\t\t\t<div class=\"elementor-widget-container\">\n\t\t\t\t\t\t\t<p>Nuestros servicios de SEO abordan todos los \u00e1mbitos de tu p\u00e1gina web que puedan repercutir en el posicionamiento de tu web, haciendo que vaya ganando posiciones de forma org\u00e1nica.<\/p>\t\t\t\t\t\t<\/div>\n\t\t\t\t<\/div>\n\t\t\t\t\t<\/div>\n\t\t<\/div>\n\t\t\t\t\t<\/div>\n\t\t<\/section>\n\t\t\t\t<section class=\"elementor-section elementor-inner-section elementor-element elementor-element-cc42451 elementor-section-content-middle elementor-section-boxed elementor-section-height-default elementor-section-height-default\" data-id=\"cc42451\" data-element_type=\"section\">\n\t\t\t\t\t\t<div class=\"elementor-container elementor-column-gap-no\">\n\t\t\t\t\t<div class=\"elementor-column elementor-col-25 elementor-inner-column elementor-element elementor-element-cdc3465\" data-id=\"cdc3465\" data-element_type=\"column\">\n\t\t\t<div class=\"elementor-widget-wrap elementor-element-populated\">\n\t\t\t\t\t\t<div class=\"elementor-element elementor-element-5ca5cac elementor-widget elementor-widget-image\" data-id=\"5ca5cac\" data-element_type=\"widget\" data-widget_type=\"image.default\">\n\t\t\t\t<div class=\"elementor-widget-container\">\n\t\t\t\t\t\t\t\t\t\t\t\t\t<img loading=\"lazy\" decoding=\"async\" width=\"1030\" height=\"1030\" src=\"https:\/\/supermediastudio.es\/wp-content\/uploads\/2024\/01\/Supermedia-studio-brandboard-1-1030x1030.png\" class=\"attachment-large size-large wp-image-7094\" alt=\"\" srcset=\"https:\/\/supermediastudio.es\/wp-content\/uploads\/2024\/01\/Supermedia-studio-brandboard-1-1030x1030.png 1030w, https:\/\/supermediastudio.es\/wp-content\/uploads\/2024\/01\/Supermedia-studio-brandboard-1-300x300.png 300w, https:\/\/supermediastudio.es\/wp-content\/uploads\/2024\/01\/Supermedia-studio-brandboard-1-80x80.png 80w, https:\/\/supermediastudio.es\/wp-content\/uploads\/2024\/01\/Supermedia-studio-brandboard-1-768x768.png 768w, https:\/\/supermediastudio.es\/wp-content\/uploads\/2024\/01\/Supermedia-studio-brandboard-1.png 1080w\" sizes=\"auto, (max-width: 1030px) 100vw, 1030px\" \/>\t\t\t\t\t\t\t\t\t\t\t\t\t<\/div>\n\t\t\t\t<\/div>\n\t\t\t\t\t<\/div>\n\t\t<\/div>\n\t\t\t\t<div class=\"elementor-column elementor-col-25 elementor-inner-column elementor-element elementor-element-bbb4160\" data-id=\"bbb4160\" data-element_type=\"column\">\n\t\t\t<div class=\"elementor-widget-wrap elementor-element-populated\">\n\t\t\t\t\t\t<div class=\"elementor-element elementor-element-13202ec elementor-widget elementor-widget-heading\" data-id=\"13202ec\" data-element_type=\"widget\" data-widget_type=\"heading.default\">\n\t\t\t\t<div class=\"elementor-widget-container\">\n\t\t\t<h2 class=\"elementor-heading-title elementor-size-default\">Creaci\u00f3n de Branding Corporativo<\/h2>\t\t<\/div>\n\t\t\t\t<\/div>\n\t\t\t\t<div class=\"elementor-element elementor-element-f43006b elementor-widget elementor-widget-text-editor\" data-id=\"f43006b\" data-element_type=\"widget\" data-widget_type=\"text-editor.default\">\n\t\t\t\t<div class=\"elementor-widget-container\">\n\t\t\t\t\t\t\t<p>Creamos identidades visuales \u00fanicas, incluyendo logos secundarios, elementos distintivos, paleta de colores y fuentes personalizadas.<\/p>\t\t\t\t\t\t<\/div>\n\t\t\t\t<\/div>\n\t\t\t\t\t<\/div>\n\t\t<\/div>\n\t\t\t\t<div class=\"elementor-column elementor-col-25 elementor-inner-column elementor-element elementor-element-b78dc05\" data-id=\"b78dc05\" data-element_type=\"column\">\n\t\t\t<div class=\"elementor-widget-wrap elementor-element-populated\">\n\t\t\t\t\t\t<div class=\"elementor-element elementor-element-3c3671f8 elementor-widget__width-initial elementor-widget elementor-widget-image\" data-id=\"3c3671f8\" data-element_type=\"widget\" data-widget_type=\"image.default\">\n\t\t\t\t<div class=\"elementor-widget-container\">\n\t\t\t\t\t\t\t\t\t\t\t\t\t<img loading=\"lazy\" decoding=\"async\" width=\"1030\" height=\"1030\" src=\"https:\/\/supermediastudio.es\/wp-content\/uploads\/2023\/10\/Diseno-sin-titulo-7-1030x1030.png\" class=\"attachment-large size-large wp-image-6950\" alt=\"\" srcset=\"https:\/\/supermediastudio.es\/wp-content\/uploads\/2023\/10\/Diseno-sin-titulo-7-1030x1030.png 1030w, https:\/\/supermediastudio.es\/wp-content\/uploads\/2023\/10\/Diseno-sin-titulo-7-300x300.png 300w, https:\/\/supermediastudio.es\/wp-content\/uploads\/2023\/10\/Diseno-sin-titulo-7-80x80.png 80w, https:\/\/supermediastudio.es\/wp-content\/uploads\/2023\/10\/Diseno-sin-titulo-7-768x768.png 768w, https:\/\/supermediastudio.es\/wp-content\/uploads\/2023\/10\/Diseno-sin-titulo-7.png 1080w\" sizes=\"auto, (max-width: 1030px) 100vw, 1030px\" \/>\t\t\t\t\t\t\t\t\t\t\t\t\t<\/div>\n\t\t\t\t<\/div>\n\t\t\t\t\t<\/div>\n\t\t<\/div>\n\t\t\t\t<div class=\"elementor-column elementor-col-25 elementor-inner-column elementor-element elementor-element-f61c78c\" data-id=\"f61c78c\" data-element_type=\"column\">\n\t\t\t<div class=\"elementor-widget-wrap elementor-element-populated\">\n\t\t\t\t\t\t<div class=\"elementor-element elementor-element-3dcbdb2 elementor-widget elementor-widget-heading\" data-id=\"3dcbdb2\" data-element_type=\"widget\" data-widget_type=\"heading.default\">\n\t\t\t\t<div class=\"elementor-widget-container\">\n\t\t\t<h2 class=\"elementor-heading-title elementor-size-default\">Servicios de <br>Dise\u00f1o Gr\u00e1fico<\/h2>\t\t<\/div>\n\t\t\t\t<\/div>\n\t\t\t\t<div class=\"elementor-element elementor-element-b459bcf elementor-widget elementor-widget-text-editor\" data-id=\"b459bcf\" data-element_type=\"widget\" data-widget_type=\"text-editor.default\">\n\t\t\t\t<div class=\"elementor-widget-container\">\n\t\t\t\t\t\t\t<p>Llevamos su identidad visual a nuevos horizontes con nuestro servicio de dise\u00f1o gr\u00e1fico especializado<\/p>\t\t\t\t\t\t<\/div>\n\t\t\t\t<\/div>\n\t\t\t\t\t<\/div>\n\t\t<\/div>\n\t\t\t\t\t<\/div>\n\t\t<\/section>\n\t\t\t\t\t<\/div>\n\t\t<\/div>\n\t\t\t\t\t<\/div>\n\t\t<\/section>\n\t\t\t\t<section class=\"elementor-section elementor-top-section elementor-element elementor-element-2fa6eb13 elementor-section-full_width elementor-section-height-default elementor-section-height-default\" data-id=\"2fa6eb13\" data-element_type=\"section\" data-settings=\"{&quot;background_background&quot;:&quot;classic&quot;}\">\n\t\t\t\t\t\t<div class=\"elementor-container elementor-column-gap-default\">\n\t\t\t\t\t<div class=\"elementor-column elementor-col-100 elementor-top-column elementor-element elementor-element-1e679622\" data-id=\"1e679622\" data-element_type=\"column\">\n\t\t\t<div class=\"elementor-widget-wrap elementor-element-populated\">\n\t\t\t\t\t\t<div class=\"elementor-element elementor-element-46b73d39 elementor-widget elementor-widget-menu-anchor\" data-id=\"46b73d39\" data-element_type=\"widget\" data-widget_type=\"menu-anchor.default\">\n\t\t\t\t<div class=\"elementor-widget-container\">\n\t\t\t\t\t<div id=\"contact\" class=\"elementor-menu-anchor\"><\/div>\n\t\t\t\t<\/div>\n\t\t\t\t<\/div>\n\t\t\t\t<div class=\"elementor-element elementor-element-3052116e elementor-widget elementor-widget-spacer\" data-id=\"3052116e\" data-element_type=\"widget\" data-widget_type=\"spacer.default\">\n\t\t\t\t<div class=\"elementor-widget-container\">\n\t\t\t\t\t<div class=\"elementor-spacer\">\n\t\t\t<div class=\"elementor-spacer-inner\"><\/div>\n\t\t<\/div>\n\t\t\t\t<\/div>\n\t\t\t\t<\/div>\n\t\t\t\t<div class=\"elementor-element elementor-element-3e1b2f11 elementor-widget elementor-widget-html\" data-id=\"3e1b2f11\" data-element_type=\"widget\" data-widget_type=\"html.default\">\n\t\t\t\t<div class=\"elementor-widget-container\">\n\t\t\t<style>\r\n    \/*Blur Zoom Hover Effect*\/\r\n.main-sections{\r\n    --zoom-in: 1.2;\r\n    --zoom-out: 0.9;\r\n    --hover-background:\r\n}\r\n.main-sections{\r\n    transition: all .5;\r\n}\r\n.main-sections:hover .card-box{\r\n    filter: blur(0px);\r\n    transform: scale(var(--zoom-out));\r\n}\r\n.card-box{\r\n    transform: scale(1);\r\n    transition: all .5s;\r\n}\r\n.card-box:hover{\r\n    transform: scale(var(--zoom-in)) !important;\r\n    z-index: 2;\r\n    filter: blur(0px) !important;\r\n}\r\n.main-sections .elementor-widget-wrap{\r\n    transition: all .5s;\r\n}\r\n.main-sections .card-box:hover .elementor-widget-wrap{\r\n    background: var(--hover-background) !important;\r\n}\r\n<\/style>\t\t<\/div>\n\t\t\t\t<\/div>\n\t\t\t\t<section class=\"elementor-section elementor-inner-section elementor-element elementor-element-68e974a9 elementor-section-boxed elementor-section-height-default elementor-section-height-default\" data-id=\"68e974a9\" data-element_type=\"section\">\n\t\t\t\t\t\t<div class=\"elementor-container elementor-column-gap-default\">\n\t\t\t\t\t<div class=\"elementor-column elementor-col-50 elementor-inner-column elementor-element elementor-element-6ed95b38\" data-id=\"6ed95b38\" data-element_type=\"column\">\n\t\t\t<div class=\"elementor-widget-wrap elementor-element-populated\">\n\t\t\t\t\t\t<div class=\"elementor-element elementor-element-7dcd91fb elementor-widget__width-initial elementor-widget elementor-widget-image\" data-id=\"7dcd91fb\" data-element_type=\"widget\" data-widget_type=\"image.default\">\n\t\t\t\t<div class=\"elementor-widget-container\">\n\t\t\t\t\t\t\t\t\t\t\t\t\t<img loading=\"lazy\" decoding=\"async\" width=\"746\" height=\"483\" src=\"https:\/\/supermediastudio.es\/wp-content\/uploads\/2023\/12\/formulario-contacto.png\" class=\"attachment-large size-large wp-image-7087\" alt=\"ponte en contacto con nuestra agencia de marketing digital\" srcset=\"https:\/\/supermediastudio.es\/wp-content\/uploads\/2023\/12\/formulario-contacto.png 746w, https:\/\/supermediastudio.es\/wp-content\/uploads\/2023\/12\/formulario-contacto-300x194.png 300w\" sizes=\"auto, (max-width: 746px) 100vw, 746px\" \/>\t\t\t\t\t\t\t\t\t\t\t\t\t<\/div>\n\t\t\t\t<\/div>\n\t\t\t\t\t<\/div>\n\t\t<\/div>\n\t\t\t\t<div class=\"elementor-column elementor-col-50 elementor-inner-column elementor-element elementor-element-23bd3d7b\" data-id=\"23bd3d7b\" data-element_type=\"column\">\n\t\t\t<div class=\"elementor-widget-wrap elementor-element-populated\">\n\t\t\t\t\t\t<div class=\"elementor-element elementor-element-7dbf6404 elementor-button-align-center elementor-widget elementor-widget-form\" data-id=\"7dbf6404\" data-element_type=\"widget\" data-settings=\"{&quot;step_next_label&quot;:&quot;Next&quot;,&quot;step_previous_label&quot;:&quot;Previous&quot;,&quot;step_type&quot;:&quot;number_text&quot;,&quot;step_icon_shape&quot;:&quot;circle&quot;}\" data-widget_type=\"form.default\">\n\t\t\t\t<div class=\"elementor-widget-container\">\n\t\t\t\t\t<form class=\"elementor-form\" method=\"post\" name=\"New Form\">\n\t\t\t<input type=\"hidden\" name=\"post_id\" value=\"7618\"\/>\n\t\t\t<input type=\"hidden\" name=\"form_id\" value=\"7dbf6404\"\/>\n\t\t\t<input type=\"hidden\" name=\"referer_title\" value=\"\" \/>\n\n\t\t\t\n\t\t\t<div class=\"elementor-form-fields-wrapper elementor-labels-\">\n\t\t\t\t\t\t\t\t<div class=\"elementor-field-type-text elementor-field-group elementor-column elementor-field-group-name elementor-col-100\">\n\t\t\t\t\t\t\t\t\t\t\t\t<label for=\"form-field-name\" class=\"elementor-field-label elementor-screen-only\">\n\t\t\t\t\t\t\t\tName\t\t\t\t\t\t\t<\/label>\n\t\t\t\t\t\t\t\t\t\t\t\t\t\t<input size=\"1\" type=\"text\" name=\"form_fields[name]\" id=\"form-field-name\" class=\"elementor-field elementor-size-xl  elementor-field-textual\" placeholder=\"Nombre\">\n\t\t\t\t\t\t\t\t\t\t\t<\/div>\n\t\t\t\t\t\t\t\t<div class=\"elementor-field-type-email elementor-field-group elementor-column elementor-field-group-email elementor-col-100 elementor-field-required\">\n\t\t\t\t\t\t\t\t\t\t\t\t<label for=\"form-field-email\" class=\"elementor-field-label elementor-screen-only\">\n\t\t\t\t\t\t\t\tEmail\t\t\t\t\t\t\t<\/label>\n\t\t\t\t\t\t\t\t\t\t\t\t\t\t<input size=\"1\" type=\"email\" name=\"form_fields[email]\" id=\"form-field-email\" class=\"elementor-field elementor-size-xl  elementor-field-textual\" placeholder=\"Email\" required=\"required\" aria-required=\"true\">\n\t\t\t\t\t\t\t\t\t\t\t<\/div>\n\t\t\t\t\t\t\t\t<div class=\"elementor-field-type-tel elementor-field-group elementor-column elementor-field-group-field_fb79fcf elementor-col-100\">\n\t\t\t\t\t\t\t<input size=\"1\" type=\"tel\" name=\"form_fields[field_fb79fcf]\" id=\"form-field-field_fb79fcf\" class=\"elementor-field elementor-size-xl  elementor-field-textual\" placeholder=\"Tel\u00e9fono\" pattern=\"[0-9()#&amp;+*-=.]+\" title=\"Only numbers and phone characters (#, -, *, etc) are accepted.\">\n\n\t\t\t\t\t\t<\/div>\n\t\t\t\t\t\t\t\t<div class=\"elementor-field-type-textarea elementor-field-group elementor-column elementor-field-group-message elementor-col-100\">\n\t\t\t\t\t\t\t\t\t\t\t\t<label for=\"form-field-message\" class=\"elementor-field-label elementor-screen-only\">\n\t\t\t\t\t\t\t\tMessage\t\t\t\t\t\t\t<\/label>\n\t\t\t\t\t\t<textarea class=\"elementor-field-textual elementor-field  elementor-size-xl\" name=\"form_fields[message]\" id=\"form-field-message\" rows=\"4\" placeholder=\"Mensaje\"><\/textarea>\t\t\t\t<\/div>\n\t\t\t\t\t\t\t\t<div class=\"elementor-field-group elementor-column elementor-field-type-submit elementor-col-100 e-form__buttons\">\n\t\t\t\t\t<button type=\"submit\" class=\"elementor-button elementor-size-sm\">\n\t\t\t\t\t\t<span >\n\t\t\t\t\t\t\t\t\t\t\t\t\t\t\t<span class=\" elementor-button-icon\">\n\t\t\t\t\t\t\t\t\t\t\t\t\t\t\t\t\t\t\t\t\t\t\t\t\t\t<\/span>\n\t\t\t\t\t\t\t\t\t\t\t\t\t\t\t\t\t\t\t\t\t\t<span class=\"elementor-button-text\">Enviar<\/span>\n\t\t\t\t\t\t\t\t\t\t\t\t\t<\/span>\n\t\t\t\t\t<\/button>\n\t\t\t\t<\/div>\n\t\t\t<\/div>\n\t\t<\/form>\n\t\t\t\t<\/div>\n\t\t\t\t<\/div>\n\t\t\t\t\t<\/div>\n\t\t<\/div>\n\t\t\t\t\t<\/div>\n\t\t<\/section>\n\t\t\t\t<div class=\"elementor-element elementor-element-671aed2e elementor-widget elementor-widget-spacer\" data-id=\"671aed2e\" data-element_type=\"widget\" data-widget_type=\"spacer.default\">\n\t\t\t\t<div class=\"elementor-widget-container\">\n\t\t\t\t\t<div class=\"elementor-spacer\">\n\t\t\t<div class=\"elementor-spacer-inner\"><\/div>\n\t\t<\/div>\n\t\t\t\t<\/div>\n\t\t\t\t<\/div>\n\t\t\t\t\t<\/div>\n\t\t<\/div>\n\t\t\t\t\t<\/div>\n\t\t<\/section>\n\t\t\t\t<\/div>\n\t\t","protected":false},"excerpt":{"rendered":"<p>Servicios de Marketing en Marbella Gesti\u00f3n de Redes Sociales Creamos identidades visuales \u00fanicas, incluyendo logos secundarios, elementos distintivos, paleta de colores y fuentes personalizadas. Dise\u00f1o web en M\u00e1laga Una p\u00e1gina web bien dise\u00f1ada es la piedra angular del \u00e9xito digital. No se trata solo de una est\u00e9tica atractiva, sino de crear una experiencia que impulse &#8230; <a title=\"Marketing Diensten in Marbella\" class=\"read-more\" href=\"https:\/\/supermediastudio.es\/nl\/super-servicios-marketing-marbella\/\" aria-label=\"Meer op Marketing Diensten in Marbella\">Lees meer<\/a><\/p>\n","protected":false},"author":1,"featured_media":0,"parent":0,"menu_order":0,"comment_status":"closed","ping_status":"closed","template":"elementor_header_footer","meta":{"footnotes":""},"class_list":["post-7618","page","type-page","status-publish"],"aioseo_notices":[],"_links":{"self":[{"href":"https:\/\/supermediastudio.es\/nl\/wp-json\/wp\/v2\/pages\/7618","targetHints":{"allow":["GET"]}}],"collection":[{"href":"https:\/\/supermediastudio.es\/nl\/wp-json\/wp\/v2\/pages"}],"about":[{"href":"https:\/\/supermediastudio.es\/nl\/wp-json\/wp\/v2\/types\/page"}],"author":[{"embeddable":true,"href":"https:\/\/supermediastudio.es\/nl\/wp-json\/wp\/v2\/users\/1"}],"replies":[{"embeddable":true,"href":"https:\/\/supermediastudio.es\/nl\/wp-json\/wp\/v2\/comments?post=7618"}],"version-history":[{"count":7,"href":"https:\/\/supermediastudio.es\/nl\/wp-json\/wp\/v2\/pages\/7618\/revisions"}],"predecessor-version":[{"id":8440,"href":"https:\/\/supermediastudio.es\/nl\/wp-json\/wp\/v2\/pages\/7618\/revisions\/8440"}],"wp:attachment":[{"href":"https:\/\/supermediastudio.es\/nl\/wp-json\/wp\/v2\/media?parent=7618"}],"curies":[{"name":"wp","href":"https:\/\/api.w.org\/{rel}","templated":true}]}}